{"id":541,"date":"2024-11-04T14:55:13","date_gmt":"2024-11-04T14:55:13","guid":{"rendered":"https:\/\/wide-world-editorial.com\/dienstleistungen-seite\/"},"modified":"2026-03-06T19:09:21","modified_gmt":"2026-03-06T18:09:21","slug":"dienstleistungen","status":"publish","type":"page","link":"https:\/\/wide-world-editorial.com\/en\/dienstleistungen\/","title":{"rendered":"Services"},"content":{"rendered":"<p>I offer my services individually, in any combination, or as a complete package. All the services listed are available for German and English. I work with clients at home and abroad.<\/p>\n\n\n\n<div class=\"wp-block-group is-layout-grid wp-container-core-group-is-layout-9649a0d9 wp-block-group-is-layout-grid\">\n<h5 class=\"wp-block-heading\" id=\"block-ca2a729f-04d3-424d-8b0a-c0a2bfd453b8\">Editorial project management<\/h5>\n\n\n\n<p class=\"wp-container-content-72558541\">The efficient supervision and management of publication processes require good project management. I manage your project from conception to final data delivery, planning and monitoring quality, costs, and deadlines in a structured manner. I coordinate the work of internal and external project members and organise communication between all.<\/p>\n<\/div>\n\n\n\n<p><\/p>\n\n\n\n<div class=\"wp-block-group is-layout-grid wp-container-core-group-is-layout-9649a0d9 wp-block-group-is-layout-grid\">\n<h5 class=\"wp-block-heading\" id=\"block-1c3468c2-b0ff-4e52-a5d2-9508475b4342\">Editing (development edit or copy-edit)<\/h5>\n\n\n\n<p class=\"wp-container-content-72558541\" id=\"block-5f4c6852-7156-421a-9e24-d7a7f7f06cb2\">There are different types of editing and depending on the industry, media type and type of text, different tasks may be involved. Generally speaking: Your texts are examined and optimised in terms of content, structure, style and linguistic correctness. Errors of all kinds, be they logical, content-related, stylistic, semantic, grammatical or orthographic, are eliminated. In addition, the following aspects can be examined as required: Diversity and inclusion, gender equality, accessibility, BIS\/ISO conformity, and much more. In most cases, manuscript preparation for typesetting is also commissioned with a copy-edit.<\/p>\n<\/div>\n\n\n\n<p><\/p>\n\n\n\n<div class=\"wp-block-group is-layout-grid wp-container-core-group-is-layout-9649a0d9 wp-block-group-is-layout-grid\">\n<h5 class=\"wp-block-heading\" id=\"block-f389abdf-9b6f-4cc3-83a1-13697696d22e\">Proofreading<\/h5>\n\n\n\n<p class=\"wp-container-content-72558541\" id=\"block-1243129b-fb23-4b95-ae68-adb11c6b5386\">Proofreading is primarily about putting the finishing touches to spelling, punctuation and grammar. I also check whether spellings have been used consistently. Depending on the product, it may be necessary to correct page breaks, check styles and layout, the formatting of illustrations, and much more.<\/p>\n<\/div>\n\n\n\n<p><\/p>\n\n\n\n<div class=\"wp-block-group is-layout-grid wp-container-core-group-is-layout-9649a0d9 wp-block-group-is-layout-grid\">\n<h5 class=\"wp-block-heading\" id=\"block-6980c603-83e0-468e-814d-79ab8d7eca57\">Picture research<\/h5>\n\n\n\n<p class=\"wp-container-content-72558541\">A picture is worth a thousand words, so they say. So you should find the right one (or the right ones)! I'd be happy to support you with this. I research photos and other images and create or fill out asset lists.<\/p>\n<\/div>\n\n\n\n<p><\/p>\n\n\n\n<div class=\"wp-block-group is-layout-grid wp-container-core-group-is-layout-9649a0d9 wp-block-group-is-layout-grid\">\n<h5 class=\"wp-block-heading\" id=\"block-b7ae3a78-41bb-4cfa-9d25-a0ef79469209\">Copyright clearance<\/h5>\n\n\n\n<p class=\"wp-container-content-72558541\">In case your publication contains third-party material, I will be happy to research and obtain the rights according to your specifications.<\/p>\n<\/div>\n\n\n\n<p><\/p>\n\n\n\n<p><\/p>\n\n\n\n<div class=\"wp-block-group is-layout-grid wp-container-core-group-is-layout-9649a0d9 wp-block-group-is-layout-grid\">\n<h5 class=\"wp-block-heading\" id=\"block-ca2a729f-04d3-424d-8b0a-c0a2bfd453b8\">Combination of services<\/h5>\n\n\n\n<p class=\"wp-container-content-72558541\">You are welcome to combine any of the above services according to your wishes. For instance, it may be practical to combine a copy-edit with picture research, or the clearance of third-party rights.<\/p>\n<\/div>\n\n\n\n<p><\/p>","protected":false},"excerpt":{"rendered":"<p>Ich biete meine Dienstleistungen separat, in beliebigen Kombinationen oder im Komplettpaket an. M\u00f6glich sind s\u00e4mtliche aufgef\u00fchrten Dienstleistungen f\u00fcr die deutsche oder englische Sprache. Ich wende mich an Kunden im In- und Ausland. Redaktion \/Redaktionelles Projektmanagement Die effiziente Betreuung und Steuerung von Publikationen jeglicher Art erfordert gutes Projektmanagement. Ich betreue Ihr Projekt von der Konzeption bis&hellip;&nbsp;<a href=\"https:\/\/wide-world-editorial.com\/en\/dienstleistungen\/\" rel=\"bookmark\">Read More &raquo;<span class=\"screen-reader-text\">Services<\/span><\/a><\/p>","protected":false},"author":1,"featured_media":0,"parent":0,"menu_order":0,"comment_status":"closed","ping_status":"closed","template":"","meta":{"neve_meta_sidebar":"","neve_meta_container":"","neve_meta_enable_content_width":"","neve_meta_content_width":0,"neve_meta_title_alignment":"","neve_meta_author_avatar":"","neve_post_elements_order":"","neve_meta_disable_header":"","neve_meta_disable_footer":"","neve_meta_disable_title":"","_themeisle_gutenberg_block_has_review":false,"footnotes":""},"class_list":["post-541","page","type-page","status-publish","hentry"],"_links":{"self":[{"href":"https:\/\/wide-world-editorial.com\/en\/wp-json\/wp\/v2\/pages\/541","targetHints":{"allow":["GET"]}}],"collection":[{"href":"https:\/\/wide-world-editorial.com\/en\/wp-json\/wp\/v2\/pages"}],"about":[{"href":"https:\/\/wide-world-editorial.com\/en\/wp-json\/wp\/v2\/types\/page"}],"author":[{"embeddable":true,"href":"https:\/\/wide-world-editorial.com\/en\/wp-json\/wp\/v2\/users\/1"}],"replies":[{"embeddable":true,"href":"https:\/\/wide-world-editorial.com\/en\/wp-json\/wp\/v2\/comments?post=541"}],"version-history":[{"count":60,"href":"https:\/\/wide-world-editorial.com\/en\/wp-json\/wp\/v2\/pages\/541\/revisions"}],"predecessor-version":[{"id":1018,"href":"https:\/\/wide-world-editorial.com\/en\/wp-json\/wp\/v2\/pages\/541\/revisions\/1018"}],"wp:attachment":[{"href":"https:\/\/wide-world-editorial.com\/en\/wp-json\/wp\/v2\/media?parent=541"}],"curies":[{"name":"wp","href":"https:\/\/api.w.org\/{rel}","templated":true}]}}