{"id":542,"date":"2024-11-04T14:55:13","date_gmt":"2024-11-04T14:55:13","guid":{"rendered":"https:\/\/wide-world-editorial.com\/ueber-uns-seite\/"},"modified":"2026-03-06T18:28:27","modified_gmt":"2026-03-06T17:28:27","slug":"ueber-uns-seite","status":"publish","type":"page","link":"https:\/\/wide-world-editorial.com\/de\/ueber-uns-seite\/","title":{"rendered":"\u00dcber"},"content":{"rendered":"\n<p>Wide World Editorial ist ein Redaktionsb\u00fcro mit einer gro\u00dfen Bandbreite an Dienstleistungen, das ich 2024 gegr\u00fcndet habe. Auftraggeber sind renommierte Verlage und Verlagsdienstleister sowie Bildungsinstitute und andere Privatunternehmen.<\/p>\n\n\n\n<p>Ich bin Mitglied in folgenden Berufsverb\u00e4nden:<\/p>\n\n\n\n<ul class=\"wp-block-list\">\n<li>Chartered Institute of Editing and Proofreading (CIEP), London, UK<\/li>\n\n\n\n<li>Verband der Freien Lektorinnen und Lektoren e. V. (VFLL), Berlin, DE<\/li>\n<\/ul>\n\n\n\n<figure class=\"wp-block-image size-large is-resized has-custom-border\"><a href=\"https:\/\/www.ciep.uk\/\"><img loading=\"lazy\" decoding=\"async\" width=\"454\" height=\"454\" src=\"https:\/\/wide-world-editorial.com\/wp-content\/uploads\/2025\/07\/ciep-elm-logo-online-2.png\" alt=\"\" class=\"wp-image-939\" style=\"border-style:none;border-width:0px;width:180px\" srcset=\"https:\/\/wide-world-editorial.com\/wp-content\/uploads\/2025\/07\/ciep-elm-logo-online-2.png 454w, https:\/\/wide-world-editorial.com\/wp-content\/uploads\/2025\/07\/ciep-elm-logo-online-2-300x300.png 300w, https:\/\/wide-world-editorial.com\/wp-content\/uploads\/2025\/07\/ciep-elm-logo-online-2-150x150.png 150w, https:\/\/wide-world-editorial.com\/wp-content\/uploads\/2025\/07\/ciep-elm-logo-online-2-12x12.png 12w\" sizes=\"auto, (max-width: 454px) 100vw, 454px\" \/><\/a><\/figure>\n\n\n\n<figure class=\"wp-block-image size-large is-resized\"><a href=\"https:\/\/www.vfll.de\/\"><img loading=\"lazy\" decoding=\"async\" width=\"1024\" height=\"700\" src=\"https:\/\/wide-world-editorial.com\/wp-content\/uploads\/2025\/07\/VFLL_Wort-Bild-Marke_rot-1024x700.png\" alt=\"\" class=\"wp-image-940\" style=\"width:170px\" srcset=\"https:\/\/wide-world-editorial.com\/wp-content\/uploads\/2025\/07\/VFLL_Wort-Bild-Marke_rot-1024x700.png 1024w, https:\/\/wide-world-editorial.com\/wp-content\/uploads\/2025\/07\/VFLL_Wort-Bild-Marke_rot-300x205.png 300w, https:\/\/wide-world-editorial.com\/wp-content\/uploads\/2025\/07\/VFLL_Wort-Bild-Marke_rot-768x525.png 768w, https:\/\/wide-world-editorial.com\/wp-content\/uploads\/2025\/07\/VFLL_Wort-Bild-Marke_rot-18x12.png 18w, https:\/\/wide-world-editorial.com\/wp-content\/uploads\/2025\/07\/VFLL_Wort-Bild-Marke_rot.png 1051w\" sizes=\"auto, (max-width: 1024px) 100vw, 1024px\" \/><\/a><\/figure>\n","protected":false},"excerpt":{"rendered":"<p>Wide World Editorial ist ein Redaktionsb\u00fcro mit einer gro\u00dfen Bandbreite an Dienstleistungen, das ich 2024 gegr\u00fcndet habe. Auftraggeber sind renommierte Verlage und Verlagsdienstleister sowie Bildungsinstitute und andere Privatunternehmen. Ich bin Mitglied in folgenden Berufsverb\u00e4nden:<\/p>\n","protected":false},"author":1,"featured_media":0,"parent":0,"menu_order":0,"comment_status":"closed","ping_status":"closed","template":"","meta":{"neve_meta_sidebar":"","neve_meta_container":"","neve_meta_enable_content_width":"","neve_meta_content_width":0,"neve_meta_title_alignment":"","neve_meta_author_avatar":"","neve_post_elements_order":"","neve_meta_disable_header":"","neve_meta_disable_footer":"","neve_meta_disable_title":"","_themeisle_gutenberg_block_has_review":false,"footnotes":""},"class_list":["post-542","page","type-page","status-publish","hentry"],"_links":{"self":[{"href":"https:\/\/wide-world-editorial.com\/de\/wp-json\/wp\/v2\/pages\/542","targetHints":{"allow":["GET"]}}],"collection":[{"href":"https:\/\/wide-world-editorial.com\/de\/wp-json\/wp\/v2\/pages"}],"about":[{"href":"https:\/\/wide-world-editorial.com\/de\/wp-json\/wp\/v2\/types\/page"}],"author":[{"embeddable":true,"href":"https:\/\/wide-world-editorial.com\/de\/wp-json\/wp\/v2\/users\/1"}],"replies":[{"embeddable":true,"href":"https:\/\/wide-world-editorial.com\/de\/wp-json\/wp\/v2\/comments?post=542"}],"version-history":[{"count":82,"href":"https:\/\/wide-world-editorial.com\/de\/wp-json\/wp\/v2\/pages\/542\/revisions"}],"predecessor-version":[{"id":1013,"href":"https:\/\/wide-world-editorial.com\/de\/wp-json\/wp\/v2\/pages\/542\/revisions\/1013"}],"wp:attachment":[{"href":"https:\/\/wide-world-editorial.com\/de\/wp-json\/wp\/v2\/media?parent=542"}],"curies":[{"name":"wp","href":"https:\/\/api.w.org\/{rel}","templated":true}]}}