{"id":541,"date":"2024-11-04T14:55:13","date_gmt":"2024-11-04T14:55:13","guid":{"rendered":"https:\/\/wide-world-editorial.com\/dienstleistungen-seite\/"},"modified":"2026-03-06T19:09:21","modified_gmt":"2026-03-06T18:09:21","slug":"dienstleistungen","status":"publish","type":"page","link":"https:\/\/wide-world-editorial.com\/de\/dienstleistungen\/","title":{"rendered":"Dienstleistungen"},"content":{"rendered":"\n<p>Ich biete meine Dienstleistungen separat, in beliebigen Kombinationen oder im Komplettpaket an. M\u00f6glich sind s\u00e4mtliche aufgef\u00fchrten Dienstleistungen f\u00fcr die deutsche oder englische Sprache. Ich wende mich an Kunden im In- und Ausland.<\/p>\n\n\n\n<div class=\"wp-block-group is-layout-grid wp-container-core-group-is-layout-9649a0d9 wp-block-group-is-layout-grid\">\n<h5 class=\"wp-block-heading\" id=\"block-ca2a729f-04d3-424d-8b0a-c0a2bfd453b8\">Redaktion \/Redaktionelles Projektmanagement<\/h5>\n\n\n\n<p class=\"wp-container-content-72558541\">Die effiziente Betreuung und Steuerung von Publikationen jeglicher Art erfordert gutes Projektmanagement. Ich betreue Ihr Projekt von der Konzeption bis hin zur Datenabgabe. Qualit\u00e4t, Kosten und Termine werden von mir strukturiert geplant und \u00fcberwacht. Ich koordiniere f\u00fcr Sie die Arbeit der internen und externen Projektbeteiligten und gestalte die Kommunikation zwischen allen.<\/p>\n<\/div>\n\n\n\n<p><\/p>\n\n\n\n<div class=\"wp-block-group is-layout-grid wp-container-core-group-is-layout-9649a0d9 wp-block-group-is-layout-grid\">\n<h5 class=\"wp-block-heading\" id=\"block-1c3468c2-b0ff-4e52-a5d2-9508475b4342\">Lektorat<\/h5>\n\n\n\n<p class=\"wp-container-content-72558541\" id=\"block-5f4c6852-7156-421a-9e24-d7a7f7f06cb2\">Es gibt verschiedene Arten des Lektorats und je nach Branche, Medium und Textart fallen dabei z. T. unterschiedliche Aufgaben an. Allgemein gesprochen: Ihre Texte werden hinsichtlich Inhalt, Struktur, Stil und sprachlicher Korrektheit gepr\u00fcft und optimiert. Fehler aller Art, seien sie logisch, inhaltlich, stilistisch, semantisch, grammatisch oder orthografisch, werden ausgemerzt. Zus\u00e4tzlich k\u00f6nnen je nach Bedarf u. a. folgende Aspekte unter die Lupe genommen werden: Diversit\u00e4t und Inklusion, Gendergerechtigkeit, Barrierefreiheit, DIN-Konformit\u00e4t, u. v. m. Meist wird mit dem Lektorat auch die Manuskriptaufbereitung f\u00fcr den Satz beauftragt.<\/p>\n<\/div>\n\n\n\n<p><\/p>\n\n\n\n<div class=\"wp-block-group is-layout-grid wp-container-core-group-is-layout-9649a0d9 wp-block-group-is-layout-grid\">\n<h5 class=\"wp-block-heading\" id=\"block-f389abdf-9b6f-4cc3-83a1-13697696d22e\">Korrektorat<\/h5>\n\n\n\n<p class=\"wp-container-content-72558541\" id=\"block-1243129b-fb23-4b95-ae68-adb11c6b5386\">Beim Korrektorat geht es prim\u00e4r um den letzten Schliff in Bezug auf Rechtschreibung, Zeichensetzung und Grammatik. Es wird auch gepr\u00fcft, ob Schreibweisen einheitlich verwendet wurden. Je nach Produkt k\u00f6nnen eine Umbruchkorrektur, eine Pr\u00fcfung der Layoutumsetzung und der Formatierung von Abbildungen u. v. m. anfallen.<\/p>\n<\/div>\n\n\n\n<p><\/p>\n\n\n\n<div class=\"wp-block-group is-layout-grid wp-container-core-group-is-layout-9649a0d9 wp-block-group-is-layout-grid\">\n<h5 class=\"wp-block-heading\" id=\"block-6980c603-83e0-468e-814d-79ab8d7eca57\">Bildredaktion<\/h5>\n\n\n\n<p class=\"wp-container-content-72558541\">Ein Bild sagt mehr als tausend Worte, so hei\u00dft es. Sie sollten also das richtige (bzw. die richtigen) finden! Hierbei unterst\u00fctze ich Sie gerne. Ich recherchiere Photos und andere Abbildungen und erstelle Bildlisten bzw. f\u00fclle sie aus.<\/p>\n<\/div>\n\n\n\n<p><\/p>\n\n\n\n<div class=\"wp-block-group is-layout-grid wp-container-core-group-is-layout-9649a0d9 wp-block-group-is-layout-grid\">\n<h5 class=\"wp-block-heading\" id=\"block-b7ae3a78-41bb-4cfa-9d25-a0ef79469209\">Kl\u00e4rung von Fremdrechten<\/h5>\n\n\n\n<p class=\"wp-container-content-72558541\">Wenn Ihre Publikation Fremdmaterialien enthalten soll, \u00fcbernehme ich gern die Kl\u00e4rung und Einholung der Rechte nach Ihren Vorgaben.<\/p>\n<\/div>\n\n\n\n<p><\/p>\n\n\n\n<p><\/p>\n\n\n\n<div class=\"wp-block-group is-layout-grid wp-container-core-group-is-layout-9649a0d9 wp-block-group-is-layout-grid\">\n<h5 class=\"wp-block-heading\" id=\"block-ca2a729f-04d3-424d-8b0a-c0a2bfd453b8\">Kombinierte Dienstleistungen<\/h5>\n\n\n\n<p class=\"wp-container-content-72558541\">Sie k\u00f6nnen die genannten Leistungen nach Ihren W\u00fcnschen kombinieren. So kann es sich z. B. anbieten, ein Lektorat mit der Bildredaktion und der Kl\u00e4rung von Fremdrechten zu kombinieren.<\/p>\n<\/div>\n\n\n\n<p><\/p>\n","protected":false},"excerpt":{"rendered":"<p>Ich biete meine Dienstleistungen separat, in beliebigen Kombinationen oder im Komplettpaket an. M\u00f6glich sind s\u00e4mtliche aufgef\u00fchrten Dienstleistungen f\u00fcr die deutsche oder englische Sprache. Ich wende mich an Kunden im In- und Ausland. Redaktion \/Redaktionelles Projektmanagement Die effiziente Betreuung und Steuerung von Publikationen jeglicher Art erfordert gutes Projektmanagement. Ich betreue Ihr Projekt von der Konzeption bis&hellip;&nbsp;<a href=\"https:\/\/wide-world-editorial.com\/de\/dienstleistungen\/\" rel=\"bookmark\">Weiterlesen &raquo;<span class=\"screen-reader-text\">Dienstleistungen<\/span><\/a><\/p>\n","protected":false},"author":1,"featured_media":0,"parent":0,"menu_order":0,"comment_status":"closed","ping_status":"closed","template":"","meta":{"neve_meta_sidebar":"","neve_meta_container":"","neve_meta_enable_content_width":"","neve_meta_content_width":0,"neve_meta_title_alignment":"","neve_meta_author_avatar":"","neve_post_elements_order":"","neve_meta_disable_header":"","neve_meta_disable_footer":"","neve_meta_disable_title":"","_themeisle_gutenberg_block_has_review":false,"footnotes":""},"class_list":["post-541","page","type-page","status-publish","hentry"],"_links":{"self":[{"href":"https:\/\/wide-world-editorial.com\/de\/wp-json\/wp\/v2\/pages\/541","targetHints":{"allow":["GET"]}}],"collection":[{"href":"https:\/\/wide-world-editorial.com\/de\/wp-json\/wp\/v2\/pages"}],"about":[{"href":"https:\/\/wide-world-editorial.com\/de\/wp-json\/wp\/v2\/types\/page"}],"author":[{"embeddable":true,"href":"https:\/\/wide-world-editorial.com\/de\/wp-json\/wp\/v2\/users\/1"}],"replies":[{"embeddable":true,"href":"https:\/\/wide-world-editorial.com\/de\/wp-json\/wp\/v2\/comments?post=541"}],"version-history":[{"count":60,"href":"https:\/\/wide-world-editorial.com\/de\/wp-json\/wp\/v2\/pages\/541\/revisions"}],"predecessor-version":[{"id":1018,"href":"https:\/\/wide-world-editorial.com\/de\/wp-json\/wp\/v2\/pages\/541\/revisions\/1018"}],"wp:attachment":[{"href":"https:\/\/wide-world-editorial.com\/de\/wp-json\/wp\/v2\/media?parent=541"}],"curies":[{"name":"wp","href":"https:\/\/api.w.org\/{rel}","templated":true}]}}